{"id":38,"date":"2021-02-02T10:19:29","date_gmt":"2021-02-02T09:19:29","guid":{"rendered":"https:\/\/graphonautedelespace.fr\/?page_id=38"},"modified":"2022-05-05T12:23:20","modified_gmt":"2022-05-05T10:23:20","slug":"lire","status":"publish","type":"page","link":"https:\/\/graphonautedelespace.fr\/?page_id=38","title":{"rendered":"Lire"},"content":{"rendered":"<p>[et_pb_section fb_built=&#8221;1&#8243; fullwidth=&#8221;on&#8221; admin_label=&#8221;Hero Section&#8221; _builder_version=&#8221;4.8.2&#8243; background_color=&#8221;#101535&#8243; background_image=&#8221;https:\/\/graphonautedelespace.fr\/wp-content\/uploads\/2021\/02\/FONT_TEST.png&#8221; parallax=&#8221;on&#8221; custom_margin=&#8221;-77px||-500px||false|false&#8221; custom_padding=&#8221;|||&#8221;][et_pb_fullwidth_header title=&#8221;Les nouvelles &#8221; text_orientation=&#8221;center&#8221; button_two_text=&#8221;En savoir plus sur l&#8217;exp\u00e9rience&#8221; _builder_version=&#8221;4.8.2&#8243; title_font=&#8221;Nasalization||||||||&#8221; title_font_size=&#8221;56px&#8221; title_line_height=&#8221;1.5em&#8221; content_font=&#8221;||||||||&#8221; content_font_size=&#8221;18px&#8221; background_color=&#8221;rgba(0,0,0,0)&#8221; use_background_color_gradient=&#8221;on&#8221; background_color_gradient_start=&#8221;rgba(16,21,53,0)&#8221; background_color_gradient_end=&#8221;#101535&#8243; background_color_gradient_start_position=&#8221;50%&#8221; background_enable_image=&#8221;off&#8221; background_position=&#8221;bottom_center&#8221; custom_button_one=&#8221;on&#8221; button_one_text_size=&#8221;13px&#8221; button_one_bg_color=&#8221;#4328b7&#8243; button_one_border_width=&#8221;10px&#8221; button_one_border_color=&#8221;#4328b7&#8243; button_one_border_radius=&#8221;0px&#8221; button_one_letter_spacing=&#8221;2px&#8221; button_one_font=&#8221;Titillium Web|700||on|||||&#8221; custom_button_two=&#8221;on&#8221; button_two_text_size=&#8221;13px&#8221; button_two_text_color=&#8221;#212135&#8243; button_two_bg_color=&#8221;#ffffff&#8221; button_two_border_width=&#8221;10px&#8221; button_two_border_color=&#8221;#ffffff&#8221; button_two_border_radius=&#8221;0px&#8221; button_two_letter_spacing=&#8221;2px&#8221; button_two_font=&#8221;Trebuchet|700||on|||||&#8221; button_two_use_icon=&#8221;off&#8221; width=&#8221;100%&#8221; max_width=&#8221;100%&#8221; min_height=&#8221;1316px&#8221; custom_margin=&#8221;|||&#8221; custom_padding=&#8221;5vw||0vw||false|&#8221; animation_style=&#8221;slide&#8221; animation_direction=&#8221;bottom&#8221; animation_duration=&#8221;1500ms&#8221; animation_intensity_slide=&#8221;2%&#8221; title_font_size_tablet=&#8221;40px&#8221; title_font_size_phone=&#8221;&#8221; title_font_size_last_edited=&#8221;on|phone&#8221; content_font_size_tablet=&#8221;&#8221; content_font_size_phone=&#8221;15px&#8221; content_font_size_last_edited=&#8221;on|phone&#8221; button_one_letter_spacing_hover=&#8221;2px&#8221; button_two_letter_spacing_hover=&#8221;2px&#8221; button_one_text_size__hover_enabled=&#8221;off&#8221; button_two_text_size__hover_enabled=&#8221;off&#8221; button_one_text_color__hover_enabled=&#8221;off&#8221; button_two_text_color__hover_enabled=&#8221;off&#8221; button_one_border_width__hover_enabled=&#8221;off&#8221; button_two_border_width__hover_enabled=&#8221;off&#8221; button_one_border_color__hover_enabled=&#8221;off&#8221; button_two_border_color__hover_enabled=&#8221;off&#8221; button_one_border_radius__hover_enabled=&#8221;off&#8221; button_two_border_radius__hover_enabled=&#8221;off&#8221; button_one_letter_spacing__hover_enabled=&#8221;on&#8221; button_one_letter_spacing__hover=&#8221;2px&#8221; button_two_letter_spacing__hover_enabled=&#8221;on&#8221; button_two_letter_spacing__hover=&#8221;2px&#8221; button_one_bg_color__hover_enabled=&#8221;off&#8221; button_two_bg_color__hover_enabled=&#8221;off&#8221;]<\/p>\n<p><img loading=\"lazy\" src=\"https:\/\/graphonautedelespace.fr\/wp-content\/uploads\/2021\/02\/ch1_navette-noix-logo-copie-300x225.png\" alt=\"graphonaute\" class=\"wp-image-31 alignnone size-medium\" style=\"display: block; margin-left: auto; margin-right: auto;\" width=\"300\" height=\"225\" \/><\/p>\n<p>&nbsp;<\/p>\n<h3>Explorez tous les r\u00e9cits d\u00e9j\u00e0 produits au cours de nos pr\u00e9c\u00e9dentes aventures. Un grand merci \u00e0 celles et ceux qui ont contribu\u00e9 avec audace et talent pour vous proposer ces nouvelles hautes en couleur et en saveurs scientifiques !\u00a0<\/h3>\n<p>&nbsp;<\/p>\n<p>[\/et_pb_fullwidth_header][\/et_pb_section][et_pb_section fb_built=&#8221;1&#8243; _builder_version=&#8221;4.8.2&#8243; _module_preset=&#8221;default&#8221; background_color=&#8221;#FFFFFF&#8221;][et_pb_row _builder_version=&#8221;4.8.2&#8243; _module_preset=&#8221;default&#8221;][et_pb_column type=&#8221;4_4&#8243; _builder_version=&#8221;4.8.2&#8243; _module_preset=&#8221;default&#8221;][et_pb_text _builder_version=&#8221;4.8.2&#8243; _module_preset=&#8221;default&#8221; header_2_font=&#8221;Nasalization||||||||&#8221; header_2_text_align=&#8221;center&#8221; header_2_font_size=&#8221;36px&#8221;]<\/p>\n<h2>Lire les nouvelles<\/h2>\n<p>[\/et_pb_text][et_pb_blog fullwidth=&#8221;off&#8221; posts_number=&#8221;20&#8243; include_categories=&#8221;5&#8243; _builder_version=&#8221;4.8.2&#8243; _module_preset=&#8221;default&#8221; hover_enabled=&#8221;0&#8243; sticky_enabled=&#8221;0&#8243;][\/et_pb_blog][\/et_pb_column][\/et_pb_row][\/et_pb_section]<\/p>\n","protected":false},"excerpt":{"rendered":"<p>[et_pb_section fb_built=&#8221;1&#8243; fullwidth=&#8221;on&#8221; admin_label=&#8221;Hero Section&#8221; _builder_version=&#8221;4.8.2&#8243; background_color=&#8221;#101535&#8243; background_image=&#8221;https:\/\/graphonautedelespace.fr\/wp-content\/uploads\/2021\/02\/FONT_TEST.png&#8221; parallax=&#8221;on&#8221; custom_margin=&#8221;-77px||-500px||false|false&#8221; custom_padding=&#8221;|||&#8221;][et_pb_fullwidth_header title=&#8221;Les nouvelles &#8221; text_orientation=&#8221;center&#8221; button_two_text=&#8221;En savoir plus sur l&#8217;exp\u00e9rience&#8221; _builder_version=&#8221;4.8.2&#8243; title_font=&#8221;Nasalization||||||||&#8221; title_font_size=&#8221;56px&#8221; title_line_height=&#8221;1.5em&#8221; content_font=&#8221;||||||||&#8221; content_font_size=&#8221;18px&#8221; background_color=&#8221;rgba(0,0,0,0)&#8221; use_background_color_gradient=&#8221;on&#8221; background_color_gradient_start=&#8221;rgba(16,21,53,0)&#8221; background_color_gradient_end=&#8221;#101535&#8243; background_color_gradient_start_position=&#8221;50%&#8221; background_enable_image=&#8221;off&#8221; background_position=&#8221;bottom_center&#8221; custom_button_one=&#8221;on&#8221; button_one_text_size=&#8221;13px&#8221; button_one_bg_color=&#8221;#4328b7&#8243; button_one_border_width=&#8221;10px&#8221; button_one_border_color=&#8221;#4328b7&#8243; button_one_border_radius=&#8221;0px&#8221; button_one_letter_spacing=&#8221;2px&#8221; button_one_font=&#8221;Titillium Web|700||on|||||&#8221; custom_button_two=&#8221;on&#8221; button_two_text_size=&#8221;13px&#8221; button_two_text_color=&#8221;#212135&#8243; button_two_bg_color=&#8221;#ffffff&#8221; button_two_border_width=&#8221;10px&#8221; button_two_border_color=&#8221;#ffffff&#8221; button_two_border_radius=&#8221;0px&#8221; button_two_letter_spacing=&#8221;2px&#8221; button_two_font=&#8221;Trebuchet|700||on|||||&#8221; button_two_use_icon=&#8221;off&#8221; width=&#8221;100%&#8221; max_width=&#8221;100%&#8221; min_height=&#8221;1316px&#8221; [&hellip;]<\/p>\n","protected":false},"author":1,"featured_media":0,"parent":0,"menu_order":0,"comment_status":"closed","ping_status":"closed","template":"","meta":{"_et_pb_use_builder":"on","_et_pb_old_content":"<!-- wp:divi\/placeholder \/-->","_et_gb_content_width":""},"_links":{"self":[{"href":"https:\/\/graphonautedelespace.fr\/index.php?rest_route=\/wp\/v2\/pages\/38"}],"collection":[{"href":"https:\/\/graphonautedelespace.fr\/index.php?rest_route=\/wp\/v2\/pages"}],"about":[{"href":"https:\/\/graphonautedelespace.fr\/index.php?rest_route=\/wp\/v2\/types\/page"}],"author":[{"embeddable":true,"href":"https:\/\/graphonautedelespace.fr\/index.php?rest_route=\/wp\/v2\/users\/1"}],"replies":[{"embeddable":true,"href":"https:\/\/graphonautedelespace.fr\/index.php?rest_route=%2Fwp%2Fv2%2Fcomments&post=38"}],"version-history":[{"count":7,"href":"https:\/\/graphonautedelespace.fr\/index.php?rest_route=\/wp\/v2\/pages\/38\/revisions"}],"predecessor-version":[{"id":1151,"href":"https:\/\/graphonautedelespace.fr\/index.php?rest_route=\/wp\/v2\/pages\/38\/revisions\/1151"}],"wp:attachment":[{"href":"https:\/\/graphonautedelespace.fr\/index.php?rest_route=%2Fwp%2Fv2%2Fmedia&parent=38"}],"curies":[{"name":"wp","href":"https:\/\/api.w.org\/{rel}","templated":true}]}}