{"id":5,"date":"2021-02-01T12:10:40","date_gmt":"2021-02-01T11:10:40","guid":{"rendered":"https:\/\/graphonautedelespace.fr\/?page_id=5"},"modified":"2021-06-25T15:48:08","modified_gmt":"2021-06-25T13:48:08","slug":"5-2","status":"publish","type":"page","link":"https:\/\/graphonautedelespace.fr\/","title":{"rendered":"Accueil"},"content":{"rendered":"<p>[et_pb_section fb_built=&#8221;1&#8243; fullwidth=&#8221;on&#8221; admin_label=&#8221;Hero Section&#8221; _builder_version=&#8221;4.8.2&#8243; background_color=&#8221;#101535&#8243; background_image=&#8221;https:\/\/graphonautedelespace.fr\/wp-content\/uploads\/2021\/02\/FONT_TEST.png&#8221; parallax=&#8221;on&#8221; custom_margin=&#8221;-77px||-500px||false|false&#8221; custom_padding=&#8221;|||&#8221;][et_pb_fullwidth_header title=&#8221;Le Graphonaute de l&#8217;Espace &#8221; text_orientation=&#8221;center&#8221; button_two_text=&#8221;En savoir plus sur l&#8217;exp\u00e9rience&#8221; _builder_version=&#8221;4.8.2&#8243; title_font=&#8221;Nasalization||||||||&#8221; title_font_size=&#8221;56px&#8221; title_line_height=&#8221;1.5em&#8221; content_font=&#8221;||||||||&#8221; content_font_size=&#8221;18px&#8221; background_color=&#8221;rgba(0,0,0,0)&#8221; use_background_color_gradient=&#8221;on&#8221; background_color_gradient_start=&#8221;rgba(16,21,53,0)&#8221; background_color_gradient_end=&#8221;#101535&#8243; background_color_gradient_start_position=&#8221;50%&#8221; background_enable_image=&#8221;off&#8221; background_position=&#8221;bottom_center&#8221; custom_button_one=&#8221;on&#8221; button_one_text_size=&#8221;13px&#8221; button_one_bg_color=&#8221;#4328b7&#8243; button_one_border_width=&#8221;10px&#8221; button_one_border_color=&#8221;#4328b7&#8243; button_one_border_radius=&#8221;0px&#8221; button_one_letter_spacing=&#8221;2px&#8221; button_one_font=&#8221;Titillium Web|700||on|||||&#8221; custom_button_two=&#8221;on&#8221; button_two_text_size=&#8221;13px&#8221; button_two_text_color=&#8221;#212135&#8243; button_two_bg_color=&#8221;#ffffff&#8221; button_two_border_width=&#8221;10px&#8221; button_two_border_color=&#8221;#ffffff&#8221; button_two_border_radius=&#8221;0px&#8221; button_two_letter_spacing=&#8221;2px&#8221; button_two_font=&#8221;Trebuchet|700||on|||||&#8221; button_two_use_icon=&#8221;off&#8221; width=&#8221;100%&#8221; max_width=&#8221;100%&#8221; min_height=&#8221;1316px&#8221; custom_margin=&#8221;|||&#8221; custom_padding=&#8221;5vw||0vw||false|&#8221; animation_style=&#8221;slide&#8221; animation_direction=&#8221;bottom&#8221; animation_duration=&#8221;1500ms&#8221; animation_intensity_slide=&#8221;2%&#8221; hover_enabled=&#8221;0&#8243; title_font_size_tablet=&#8221;40px&#8221; title_font_size_phone=&#8221;&#8221; title_font_size_last_edited=&#8221;on|phone&#8221; content_font_size_tablet=&#8221;&#8221; content_font_size_phone=&#8221;15px&#8221; content_font_size_last_edited=&#8221;on|phone&#8221; button_one_letter_spacing_hover=&#8221;2px&#8221; button_two_letter_spacing_hover=&#8221;2px&#8221; button_one_text_size__hover_enabled=&#8221;off&#8221; button_two_text_size__hover_enabled=&#8221;off&#8221; button_one_text_color__hover_enabled=&#8221;off&#8221; button_two_text_color__hover_enabled=&#8221;off&#8221; button_one_border_width__hover_enabled=&#8221;off&#8221; button_two_border_width__hover_enabled=&#8221;off&#8221; button_one_border_color__hover_enabled=&#8221;off&#8221; button_two_border_color__hover_enabled=&#8221;off&#8221; button_one_border_radius__hover_enabled=&#8221;off&#8221; button_two_border_radius__hover_enabled=&#8221;off&#8221; button_one_letter_spacing__hover_enabled=&#8221;on&#8221; button_one_letter_spacing__hover=&#8221;2px&#8221; button_two_letter_spacing__hover_enabled=&#8221;on&#8221; button_two_letter_spacing__hover=&#8221;2px&#8221; button_one_bg_color__hover_enabled=&#8221;off&#8221; button_two_bg_color__hover_enabled=&#8221;off&#8221; button_two_url=&#8221;#plus&#8221; sticky_enabled=&#8221;0&#8243;]<\/p>\n<p><img loading=\"lazy\" src=\"https:\/\/graphonautedelespace.fr\/wp-content\/uploads\/2021\/02\/ch1_navette-noix-logo-copie-300x225.png\" alt=\"graphonaute\" class=\"wp-image-31 alignnone size-medium\" style=\"display: block; margin-left: auto; margin-right: auto;\" width=\"300\" height=\"225\" \/><\/p>\n<p>&nbsp;<\/p>\n<h3>Devenez graphonautes pour raconter votre exp\u00e9dition spatiale et explorer des mondes nouveaux<\/h3>\n<p>&nbsp;<\/p>\n<p>[\/et_pb_fullwidth_header][\/et_pb_section][et_pb_section fb_built=&#8221;1&#8243; _builder_version=&#8221;4.8.2&#8243; background_color=&#8221;#101535&#8243; background_image=&#8221;https:\/\/graphonautedelespace.fr\/wp-content\/uploads\/2021\/02\/FONT_TEST.png&#8221; custom_margin=&#8221;|||&#8221; custom_padding=&#8221;||63px|||&#8221;][et_pb_row admin_label=&#8221;Ligne&#8221; _builder_version=&#8221;4.8.2&#8243; _module_preset=&#8221;default&#8221;][et_pb_column type=&#8221;4_4&#8243; _builder_version=&#8221;4.8.2&#8243; _module_preset=&#8221;default&#8221;][et_pb_text _builder_version=&#8221;4.8.2&#8243; _module_preset=&#8221;default&#8221; text_font=&#8221;Trebuchet||||||||&#8221; text_text_color=&#8221;#FFFFFF&#8221; header_font=&#8221;Trebuchet||||||||&#8221; header_text_align=&#8221;center&#8221; header_text_color=&#8221;#ffffff&#8221; text_orientation=&#8221;center&#8221; hover_enabled=&#8221;0&#8243; sticky_enabled=&#8221;0&#8243;]<\/p>\n<div id=\"plus\">\n<p><span style=\"font-weight: 400;\">Le Graphonaute de l&#8217;Espace, c&#8217;est un livre et un site pour raconter des mondes nouveaux. Avec nos ateliers d\u2019\u00e9critures, seuls, ou mieux, \u00e0 plusieurs, \u00e9crivons et partageons nos histoires.\u00a0<\/span><\/p>\n<p><span style=\"font-weight: 400;\">D\u00e9couvrez aussi notre web s\u00e9rie consacr\u00e9e \u00e0 la science, au cosmos, aux exoplan\u00e8tes et \u00e0 l&#8217;exploration spatiale. En avant !<\/span><\/p>\n<\/div>\n<p>[\/et_pb_text][et_pb_image src=&#8221;https:\/\/graphonautedelespace.fr\/wp-content\/uploads\/2021\/02\/couverture_graphonaute_espace._V2pdf-1-pdf.jpg&#8221; title_text=&#8221;couverture_graphonaute_espace._V2pdf&#8221; show_in_lightbox=&#8221;on&#8221; force_fullwidth=&#8221;on&#8221; _builder_version=&#8221;4.8.2&#8243; _module_preset=&#8221;default&#8221;][\/et_pb_image][\/et_pb_column][\/et_pb_row][et_pb_row _builder_version=&#8221;4.8.2&#8243; _module_preset=&#8221;default&#8221; custom_margin=&#8221;32px||||false|false&#8221;][et_pb_column type=&#8221;4_4&#8243; _builder_version=&#8221;4.8.2&#8243; _module_preset=&#8221;default&#8221;][et_pb_text _builder_version=&#8221;4.8.2&#8243; _module_preset=&#8221;default&#8221; text_font=&#8221;Nasalization||||||||&#8221; text_text_color=&#8221;#FFFFFF&#8221; text_font_size=&#8221;30px&#8221; header_2_font=&#8221;Nasalization||||||||&#8221; header_2_text_color=&#8221;#FFFFFF&#8221; text_orientation=&#8221;center&#8221;]<\/p>\n<h2>D\u00e9couvrir le Graphonaute de l&#8217;Espace<\/h2>\n<p>[\/et_pb_text][\/et_pb_column][\/et_pb_row][et_pb_row column_structure=&#8221;1_3,1_3,1_3&#8243; _builder_version=&#8221;3.25&#8243; custom_width_px=&#8221;1440px&#8221;][et_pb_column type=&#8221;1_3&#8243; _builder_version=&#8221;3.25&#8243; custom_padding=&#8221;|||&#8221; custom_padding__hover=&#8221;|||&#8221;][et_pb_blurb title=&#8221;Nos ateliers d&#8217;\u00e9criture&#8221; use_icon=&#8221;on&#8221; font_icon=&#8221;%%75%%&#8221; icon_color=&#8221;#FFFFFF&#8221; _builder_version=&#8221;4.8.2&#8243; header_font=&#8221;Titillium Web|700||on|||||&#8221; header_font_size=&#8221;14px&#8221; header_letter_spacing=&#8221;2px&#8221; header_line_height=&#8221;1.8em&#8221; body_font=&#8221;Source Sans Pro||||||||&#8221; body_text_color=&#8221;rgba(255,255,255,0.7)&#8221; body_line_height=&#8221;1.8em&#8221; background_color=&#8221;rgba(255,255,255,0.2)&#8221; text_orientation=&#8221;center&#8221; background_layout=&#8221;dark&#8221; custom_padding=&#8221;30px|16px|30px|16px&#8221; animation_style=&#8221;fold&#8221; hover_enabled=&#8221;0&#8243; border_width_all=&#8221;2px&#8221; border_color_all=&#8221;#ffffff&#8221; box_shadow_style=&#8221;preset1&#8243; box_shadow_blur=&#8221;60px&#8221; box_shadow_color=&#8221;rgba(255,255,255,0.4)&#8221; locked=&#8221;off&#8221; link_option_url=&#8221;https:\/\/graphonautedelespace.fr\/?page_id=134&#8243; sticky_enabled=&#8221;0&#8243; url=&#8221;https:\/\/graphonautedelespace.fr\/?page_id=134&#8243;]<\/p>\n<p>Une m\u00e9thode d&#8217;\u00e9criture pour inventer et d\u00e9velopper de nouvelles histoires. Des nouvelles ou des textes plus longs.<\/p>\n<p>[\/et_pb_blurb][\/et_pb_column][et_pb_column type=&#8221;1_3&#8243; _builder_version=&#8221;3.25&#8243; custom_padding=&#8221;|||&#8221; custom_padding__hover=&#8221;|||&#8221;][et_pb_blurb title=&#8221;Les histoires&#8221; use_icon=&#8221;on&#8221; font_icon=&#8221;%%127%%&#8221; icon_color=&#8221;#FFFFFF&#8221; _builder_version=&#8221;4.8.2&#8243; header_font=&#8221;Titillium Web|700||on|||||&#8221; header_font_size=&#8221;14px&#8221; header_letter_spacing=&#8221;2px&#8221; header_line_height=&#8221;1.8em&#8221; body_font=&#8221;Source Sans Pro||||||||&#8221; body_text_color=&#8221;rgba(255,255,255,0.7)&#8221; body_line_height=&#8221;1.8em&#8221; background_color=&#8221;rgba(255,255,255,0.2)&#8221; text_orientation=&#8221;center&#8221; background_layout=&#8221;dark&#8221; custom_padding=&#8221;30px|16px|30px|16px&#8221; animation_style=&#8221;fold&#8221; hover_enabled=&#8221;0&#8243; border_width_all=&#8221;2px&#8221; border_color_all=&#8221;#ffffff&#8221; box_shadow_style=&#8221;preset1&#8243; box_shadow_blur=&#8221;60px&#8221; box_shadow_color=&#8221;rgba(255,255,255,0.4)&#8221; locked=&#8221;off&#8221; url=&#8221;https:\/\/graphonautedelespace.fr\/?page_id=38&#8243; sticky_enabled=&#8221;0&#8243;]<\/p>\n<p>Des histoires \u00e9crites par nos contributeurs, \u00e0 retrouver en version web, ou PDF ou en .epub pour liseuse.<\/p>\n<p>[\/et_pb_blurb][\/et_pb_column][et_pb_column type=&#8221;1_3&#8243; _builder_version=&#8221;3.25&#8243; custom_padding=&#8221;|||&#8221; custom_padding__hover=&#8221;|||&#8221;][et_pb_blurb title=&#8221;La web-s\u00e9rie&#8221; use_icon=&#8221;on&#8221; font_icon=&#8221;%%103%%&#8221; icon_color=&#8221;#FFFFFF&#8221; _builder_version=&#8221;4.8.2&#8243; header_font=&#8221;Titillium Web|700||on|||||&#8221; header_font_size=&#8221;14px&#8221; header_letter_spacing=&#8221;2px&#8221; header_line_height=&#8221;1.8em&#8221; body_font=&#8221;Source Sans Pro||||||||&#8221; body_text_color=&#8221;rgba(255,255,255,0.7)&#8221; body_line_height=&#8221;1.8em&#8221; background_color=&#8221;rgba(255,255,255,0.2)&#8221; text_orientation=&#8221;center&#8221; background_layout=&#8221;dark&#8221; custom_padding=&#8221;30px|16px|30px|16px&#8221; animation_style=&#8221;fold&#8221; hover_enabled=&#8221;0&#8243; border_width_all=&#8221;2px&#8221; border_color_all=&#8221;#ffffff&#8221; box_shadow_style=&#8221;preset1&#8243; box_shadow_blur=&#8221;60px&#8221; box_shadow_color=&#8221;rgba(255,255,255,0.4)&#8221; locked=&#8221;off&#8221; url=&#8221;https:\/\/graphonautedelespace.fr\/?page_id=312&#8243; sticky_enabled=&#8221;0&#8243;]<\/p>\n<p>D\u00e9couvrir en s&#8217;amusant la science de l&#8217;espace pour stimuler l&#8217;imaginaire et inventer.<\/p>\n<p>[\/et_pb_blurb][\/et_pb_column][\/et_pb_row][et_pb_row _builder_version=&#8221;3.25&#8243;][et_pb_column type=&#8221;4_4&#8243; _builder_version=&#8221;3.25&#8243; custom_padding=&#8221;|||&#8221; custom_padding__hover=&#8221;|||&#8221;][et_pb_button button_text=&#8221;Envoyez votre histoire !&#8221; button_alignment=&#8221;center&#8221; _builder_version=&#8221;4.8.2&#8243; custom_button=&#8221;on&#8221; button_text_size=&#8221;13px&#8221; button_text_color=&#8221;#212135&#8243; button_bg_color=&#8221;#FFFFFF&#8221; button_border_width=&#8221;10px&#8221; button_border_color=&#8221;#FFFFFF&#8221; button_border_radius=&#8221;0px&#8221; button_letter_spacing=&#8221;2px&#8221; button_font=&#8221;Trebuchet|700||on|||||&#8221; background_layout=&#8221;dark&#8221; box_shadow_style=&#8221;preset3&#8243; box_shadow_color=&#8221;#FFFFFF&#8221; button_letter_spacing_hover=&#8221;2px&#8221; locked=&#8221;off&#8221; button_text_size__hover_enabled=&#8221;off&#8221; button_one_text_size__hover_enabled=&#8221;off&#8221; button_two_text_size__hover_enabled=&#8221;off&#8221; button_text_color__hover_enabled=&#8221;off&#8221; button_one_text_color__hover_enabled=&#8221;off&#8221; button_two_text_color__hover_enabled=&#8221;off&#8221; button_border_width__hover_enabled=&#8221;off&#8221; button_one_border_width__hover_enabled=&#8221;off&#8221; button_two_border_width__hover_enabled=&#8221;off&#8221; button_border_color__hover_enabled=&#8221;off&#8221; button_one_border_color__hover_enabled=&#8221;off&#8221; button_two_border_color__hover_enabled=&#8221;off&#8221; button_border_radius__hover_enabled=&#8221;off&#8221; button_one_border_radius__hover_enabled=&#8221;off&#8221; button_two_border_radius__hover_enabled=&#8221;off&#8221; button_letter_spacing__hover_enabled=&#8221;on&#8221; button_letter_spacing__hover=&#8221;2px&#8221; button_one_letter_spacing__hover_enabled=&#8221;off&#8221; button_two_letter_spacing__hover_enabled=&#8221;off&#8221; button_bg_color__hover_enabled=&#8221;off&#8221; button_one_bg_color__hover_enabled=&#8221;off&#8221; button_two_bg_color__hover_enabled=&#8221;off&#8221;][\/et_pb_button][\/et_pb_column][\/et_pb_row][et_pb_row _builder_version=&#8221;4.8.2&#8243; _module_preset=&#8221;default&#8221; min_height=&#8221;343px&#8221; custom_margin=&#8221;|auto|-228px|auto||&#8221; custom_padding=&#8221;103px||0px|||&#8221;][et_pb_column type=&#8221;4_4&#8243; _builder_version=&#8221;4.8.2&#8243; _module_preset=&#8221;default&#8221;][et_pb_text _builder_version=&#8221;4.8.2&#8243; _module_preset=&#8221;default&#8221; header_2_font=&#8221;Nasalization||||||||&#8221; header_2_text_align=&#8221;center&#8221; header_2_text_color=&#8221;#FFFFFF&#8221; header_2_font_size=&#8221;36px&#8221; min_height=&#8221;50px&#8221;]<\/p>\n<h2>Apprendre avec la web-s\u00e9rie<\/h2>\n<p>[\/et_pb_text][\/et_pb_column][\/et_pb_row][\/et_pb_section][et_pb_section fb_built=&#8221;1&#8243; fullwidth=&#8221;on&#8221; _builder_version=&#8221;4.8.2&#8243; _module_preset=&#8221;default&#8221;][et_pb_fullwidth_portfolio show_date=&#8221;off&#8221; zoom_icon_color=&#8221;#000000&#8243; hover_icon=&#8221;%%103%%&#8221; _builder_version=&#8221;4.8.2&#8243; _module_preset=&#8221;default&#8221; custom_padding=&#8221;0px|||||&#8221; auto=&#8221;on&#8221; auto_speed=&#8221;3000&#8243;][\/et_pb_fullwidth_portfolio][\/et_pb_section][et_pb_section fb_built=&#8221;1&#8243; _builder_version=&#8221;4.8.2&#8243; _module_preset=&#8221;default&#8221; background_color=&#8221;#FFFFFF&#8221;][et_pb_row _builder_version=&#8221;4.8.2&#8243; _module_preset=&#8221;default&#8221;][et_pb_column type=&#8221;4_4&#8243; _builder_version=&#8221;4.8.2&#8243; _module_preset=&#8221;default&#8221;][et_pb_text _builder_version=&#8221;4.8.2&#8243; _module_preset=&#8221;default&#8221; header_2_font=&#8221;Nasalization||||||||&#8221; header_2_text_align=&#8221;center&#8221; header_2_font_size=&#8221;36px&#8221;]<\/p>\n<h2>Lire les nouvelles<\/h2>\n<p>[\/et_pb_text][et_pb_blog fullwidth=&#8221;off&#8221; include_categories=&#8221;5&#8243; show_author=&#8221;off&#8221; show_date=&#8221;off&#8221; show_categories=&#8221;off&#8221; _builder_version=&#8221;4.8.2&#8243; _module_preset=&#8221;default&#8221;][\/et_pb_blog][\/et_pb_column][\/et_pb_row][\/et_pb_section][et_pb_section fb_built=&#8221;1&#8243; admin_label=&#8221;Blogs&#8221; _builder_version=&#8221;3.22&#8243; background_color=&#8221;#101535&#8243; custom_margin=&#8221;|||&#8221; custom_padding=&#8221;|||&#8221;][et_pb_row _builder_version=&#8221;3.25&#8243;][et_pb_column type=&#8221;4_4&#8243; _builder_version=&#8221;3.25&#8243; custom_padding=&#8221;|||&#8221; custom_padding__hover=&#8221;|||&#8221;][et_pb_text _builder_version=&#8221;4.8.2&#8243; text_font=&#8221;||||||||&#8221; header_font=&#8221;||||||||&#8221; header_2_font=&#8221;Nasalization|600|||||||&#8221; header_2_font_size=&#8221;36px&#8221; header_2_letter_spacing=&#8221;2px&#8221; header_2_line_height=&#8221;1.3em&#8221; text_orientation=&#8221;center&#8221; background_layout=&#8221;dark&#8221; header_2_font_size_tablet=&#8221;&#8221; header_2_font_size_phone=&#8221;28px&#8221; header_2_font_size_last_edited=&#8221;on|phone&#8221;]<\/p>\n<h2>Explorer au hasard<\/h2>\n<p>[\/et_pb_text][et_pb_divider color=&#8221;#4328B7&#8243; divider_weight=&#8221;4px&#8221; _builder_version=&#8221;3.2&#8243; max_width=&#8221;80px&#8221; module_alignment=&#8221;center&#8221; height=&#8221;4px&#8221;][\/et_pb_divider][et_pb_blog fullwidth=&#8221;off&#8221; posts_number=&#8221;3&#8243; include_categories=&#8221;65&#8243; show_author=&#8221;off&#8221; show_categories=&#8221;off&#8221; show_pagination=&#8221;off&#8221; _builder_version=&#8221;3.3.1&#8243; header_font=&#8221;Titillium Web|600|||||||&#8221; header_line_height=&#8221;1.4em&#8221; body_font=&#8221;||||||||&#8221; meta_font=&#8221;|600||on|||||&#8221; meta_line_height=&#8221;1.8em&#8221; border_width_all=&#8221;18px&#8221; border_color_all=&#8221;#ffffff&#8221; box_shadow_style=&#8221;preset1&#8243; box_shadow_blur=&#8221;60px&#8221; box_shadow_color=&#8221;rgba(60,60,200,0.4)&#8221;][\/et_pb_blog][et_pb_button button_text=&#8221;View More&#8221; button_alignment=&#8221;center&#8221; _builder_version=&#8221;4.8.2&#8243; custom_button=&#8221;on&#8221; button_text_size=&#8221;13px&#8221; button_text_color=&#8221;#ffffff&#8221; button_bg_color=&#8221;#1b1f50&#8243; button_border_width=&#8221;10px&#8221; button_border_color=&#8221;#1b1f50&#8243; button_border_radius=&#8221;0px&#8221; button_letter_spacing=&#8221;2px&#8221; button_font=&#8221;Titillium Web|700||on|||||&#8221; background_layout=&#8221;dark&#8221; box_shadow_style=&#8221;preset3&#8243; button_letter_spacing_hover=&#8221;2px&#8221; button_text_size__hover_enabled=&#8221;off&#8221; button_one_text_size__hover_enabled=&#8221;off&#8221; button_two_text_size__hover_enabled=&#8221;off&#8221; button_text_color__hover_enabled=&#8221;off&#8221; button_one_text_color__hover_enabled=&#8221;off&#8221; button_two_text_color__hover_enabled=&#8221;off&#8221; button_border_width__hover_enabled=&#8221;off&#8221; button_one_border_width__hover_enabled=&#8221;off&#8221; button_two_border_width__hover_enabled=&#8221;off&#8221; button_border_color__hover_enabled=&#8221;off&#8221; button_one_border_color__hover_enabled=&#8221;off&#8221; button_two_border_color__hover_enabled=&#8221;off&#8221; button_border_radius__hover_enabled=&#8221;off&#8221; button_one_border_radius__hover_enabled=&#8221;off&#8221; button_two_border_radius__hover_enabled=&#8221;off&#8221; button_letter_spacing__hover_enabled=&#8221;on&#8221; button_letter_spacing__hover=&#8221;2px&#8221; button_one_letter_spacing__hover_enabled=&#8221;off&#8221; button_two_letter_spacing__hover_enabled=&#8221;off&#8221; button_bg_color__hover_enabled=&#8221;off&#8221; button_one_bg_color__hover_enabled=&#8221;off&#8221; button_two_bg_color__hover_enabled=&#8221;off&#8221;][\/et_pb_button][\/et_pb_column][\/et_pb_row][\/et_pb_section]<\/p>\n","protected":false},"excerpt":{"rendered":"<p>[et_pb_section fb_built=&#8221;1&#8243; fullwidth=&#8221;on&#8221; admin_label=&#8221;Hero Section&#8221; _builder_version=&#8221;4.8.2&#8243; background_color=&#8221;#101535&#8243; background_image=&#8221;https:\/\/graphonautedelespace.fr\/wp-content\/uploads\/2021\/02\/FONT_TEST.png&#8221; parallax=&#8221;on&#8221; custom_margin=&#8221;-77px||-500px||false|false&#8221; custom_padding=&#8221;|||&#8221;][et_pb_fullwidth_header title=&#8221;Le Graphonaute de l&#8217;Espace &#8221; text_orientation=&#8221;center&#8221; button_two_text=&#8221;En savoir plus sur l&#8217;exp\u00e9rience&#8221; _builder_version=&#8221;4.8.2&#8243; title_font=&#8221;Nasalization||||||||&#8221; title_font_size=&#8221;56px&#8221; title_line_height=&#8221;1.5em&#8221; content_font=&#8221;||||||||&#8221; content_font_size=&#8221;18px&#8221; background_color=&#8221;rgba(0,0,0,0)&#8221; use_background_color_gradient=&#8221;on&#8221; background_color_gradient_start=&#8221;rgba(16,21,53,0)&#8221; background_color_gradient_end=&#8221;#101535&#8243; background_color_gradient_start_position=&#8221;50%&#8221; background_enable_image=&#8221;off&#8221; background_position=&#8221;bottom_center&#8221; custom_button_one=&#8221;on&#8221; button_one_text_size=&#8221;13px&#8221; button_one_bg_color=&#8221;#4328b7&#8243; button_one_border_width=&#8221;10px&#8221; button_one_border_color=&#8221;#4328b7&#8243; button_one_border_radius=&#8221;0px&#8221; button_one_letter_spacing=&#8221;2px&#8221; button_one_font=&#8221;Titillium Web|700||on|||||&#8221; custom_button_two=&#8221;on&#8221; button_two_text_size=&#8221;13px&#8221; button_two_text_color=&#8221;#212135&#8243; button_two_bg_color=&#8221;#ffffff&#8221; button_two_border_width=&#8221;10px&#8221; button_two_border_color=&#8221;#ffffff&#8221; button_two_border_radius=&#8221;0px&#8221; button_two_letter_spacing=&#8221;2px&#8221; button_two_font=&#8221;Trebuchet|700||on|||||&#8221; button_two_use_icon=&#8221;off&#8221; width=&#8221;100%&#8221; [&hellip;]<\/p>\n","protected":false},"author":1,"featured_media":0,"parent":0,"menu_order":0,"comment_status":"closed","ping_status":"closed","template":"","meta":{"_et_pb_use_builder":"on","_et_pb_old_content":"","_et_gb_content_width":""},"_links":{"self":[{"href":"https:\/\/graphonautedelespace.fr\/index.php?rest_route=\/wp\/v2\/pages\/5"}],"collection":[{"href":"https:\/\/graphonautedelespace.fr\/index.php?rest_route=\/wp\/v2\/pages"}],"about":[{"href":"https:\/\/graphonautedelespace.fr\/index.php?rest_route=\/wp\/v2\/types\/page"}],"author":[{"embeddable":true,"href":"https:\/\/graphonautedelespace.fr\/index.php?rest_route=\/wp\/v2\/users\/1"}],"replies":[{"embeddable":true,"href":"https:\/\/graphonautedelespace.fr\/index.php?rest_route=%2Fwp%2Fv2%2Fcomments&post=5"}],"version-history":[{"count":63,"href":"https:\/\/graphonautedelespace.fr\/index.php?rest_route=\/wp\/v2\/pages\/5\/revisions"}],"predecessor-version":[{"id":451,"href":"https:\/\/graphonautedelespace.fr\/index.php?rest_route=\/wp\/v2\/pages\/5\/revisions\/451"}],"wp:attachment":[{"href":"https:\/\/graphonautedelespace.fr\/index.php?rest_route=%2Fwp%2Fv2%2Fmedia&parent=5"}],"curies":[{"name":"wp","href":"https:\/\/api.w.org\/{rel}","templated":true}]}}